{"id":14,"date":"2020-08-28T12:41:15","date_gmt":"2020-08-28T10:41:15","guid":{"rendered":"https:\/\/domingoyluque.com\/?page_id=14"},"modified":"2020-09-08T17:45:26","modified_gmt":"2020-09-08T15:45:26","slug":"blog","status":"publish","type":"page","link":"https:\/\/domingoyluque.com\/en\/blog\/","title":{"rendered":"BLOG"},"content":{"rendered":"\t\t<div data-elementor-type=\"wp-page\" data-elementor-id=\"14\" class=\"elementor elementor-14\">\n\t\t\t\t\t\t<div class=\"elementor-inner\">\n\t\t\t\t<div class=\"elementor-section-wrap\">\n\t\t\t\t\t\t\t\t\t<section class=\"elementor-section elementor-top-section elementor-element elementor-element-0b0fdac elementor-section-height-min-height elementor-section-boxed elementor-section-height-default elementor-section-items-middle\" data-id=\"0b0fdac\" data-element_type=\"section\" data-settings=\"{&quot;background_background&quot;:&quot;classic&quot;}\">\n\t\t\t\t\t\t\t<div class=\"elementor-background-overlay\"><\/div>\n\t\t\t\t\t\t\t<div class=\"elementor-container elementor-column-gap-default\">\n\t\t\t\t\t\t\t<div class=\"elementor-row\">\n\t\t\t\t\t<div class=\"elementor-column elementor-col-100 elementor-top-column elementor-element elementor-element-fabc1da elementor-invisible\" data-id=\"fabc1da\" data-element_type=\"column\" data-settings=\"{&quot;animation&quot;:&quot;fadeInDown&quot;}\">\n\t\t\t<div class=\"elementor-column-wrap elementor-element-populated\">\n\t\t\t\t\t\t\t<div class=\"elementor-widget-wrap\">\n\t\t\t\t\t\t<div class=\"elementor-element elementor-element-8fa236f elementor-widget elementor-widget-heading\" data-id=\"8fa236f\" data-element_type=\"widget\" data-widget_type=\"heading.default\">\n\t\t\t\t<div class=\"elementor-widget-container\">\n\t\t\t<h1 class=\"elementor-heading-title elementor-size-default\">BLOG<\/h1>\t\t<\/div>\n\t\t\t\t<\/div>\n\t\t\t\t<div class=\"elementor-element elementor-element-54d6b04 elementor-widget elementor-widget-heading\" data-id=\"54d6b04\" data-element_type=\"widget\" data-widget_type=\"heading.default\">\n\t\t\t\t<div class=\"elementor-widget-container\">\n\t\t\t<h3 class=\"elementor-heading-title elementor-size-default\">\u00daltimas noticias sobre nuestros proyectos y nuestro d\u00eda a d\u00eda.<\/h3>\t\t<\/div>\n\t\t\t\t<\/div>\n\t\t\t\t\t\t<\/div>\n\t\t\t\t\t<\/div>\n\t\t<\/div>\n\t\t\t\t\t\t\t\t<\/div>\n\t\t\t\t\t<\/div>\n\t\t<\/section>\n\t\t\t\t<section class=\"elementor-section elementor-top-section elementor-element elementor-element-95b7099 elementor-section-boxed elementor-section-height-default elementor-section-height-default\" data-id=\"95b7099\" data-element_type=\"section\">\n\t\t\t\t\t\t<div class=\"elementor-container elementor-column-gap-default\">\n\t\t\t\t\t\t\t<div class=\"elementor-row\">\n\t\t\t\t\t<div class=\"elementor-column elementor-col-100 elementor-top-column elementor-element elementor-element-d06a518 elementor-invisible\" data-id=\"d06a518\" data-element_type=\"column\" data-settings=\"{&quot;animation&quot;:&quot;fadeInUp&quot;}\">\n\t\t\t<div class=\"elementor-column-wrap elementor-element-populated\">\n\t\t\t\t\t\t\t<div class=\"elementor-widget-wrap\">\n\t\t\t\t\t\t<div class=\"elementor-element elementor-element-d082031 elementor-widget elementor-widget-jet-listing-grid\" data-id=\"d082031\" data-element_type=\"widget\" data-settings=\"{&quot;columns&quot;:&quot;2&quot;,&quot;columns_mobile&quot;:&quot;1&quot;}\" data-widget_type=\"jet-listing-grid.default\">\n\t\t\t\t<div class=\"elementor-widget-container\">\n\t\t\t<div class=\"jet-listing-grid jet-listing\"><div class=\"jet-listing-grid__items grid-col-desk-2 grid-col-tablet-2 grid-col-mobile-1 jet-listing-grid--323\" data-queried-id=\"14|WP_Post\" data-nav=\"{&quot;enabled&quot;:false,&quot;type&quot;:null,&quot;more_el&quot;:null,&quot;query&quot;:[],&quot;widget_settings&quot;:{&quot;lisitng_id&quot;:323,&quot;posts_num&quot;:10,&quot;columns&quot;:2,&quot;columns_tablet&quot;:2,&quot;columns_mobile&quot;:1,&quot;column_min_width&quot;:240,&quot;column_min_width_tablet&quot;:240,&quot;column_min_width_mobile&quot;:240,&quot;inline_columns_css&quot;:false,&quot;is_archive_template&quot;:&quot;&quot;,&quot;post_status&quot;:[&quot;publish&quot;],&quot;use_random_posts_num&quot;:&quot;&quot;,&quot;max_posts_num&quot;:9,&quot;not_found_message&quot;:&quot;No hay ninguna entrada.&quot;,&quot;is_masonry&quot;:false,&quot;equal_columns_height&quot;:&quot;&quot;,&quot;use_load_more&quot;:&quot;&quot;,&quot;load_more_id&quot;:&quot;&quot;,&quot;load_more_type&quot;:&quot;click&quot;,&quot;load_more_offset&quot;:{&quot;unit&quot;:&quot;px&quot;,&quot;size&quot;:0,&quot;sizes&quot;:[]},&quot;use_custom_post_types&quot;:&quot;&quot;,&quot;custom_post_types&quot;:[],&quot;hide_widget_if&quot;:&quot;&quot;,&quot;carousel_enabled&quot;:&quot;&quot;,&quot;slides_to_scroll&quot;:&quot;1&quot;,&quot;arrows&quot;:&quot;true&quot;,&quot;arrow_icon&quot;:&quot;fa fa-angle-left&quot;,&quot;dots&quot;:&quot;&quot;,&quot;autoplay&quot;:&quot;true&quot;,&quot;pause_on_hover&quot;:&quot;true&quot;,&quot;autoplay_speed&quot;:5000,&quot;infinite&quot;:&quot;true&quot;,&quot;center_mode&quot;:&quot;&quot;,&quot;effect&quot;:&quot;slide&quot;,&quot;speed&quot;:500,&quot;inject_alternative_items&quot;:&quot;&quot;,&quot;injection_items&quot;:[],&quot;scroll_slider_enabled&quot;:&quot;&quot;,&quot;scroll_slider_on&quot;:[&quot;desktop&quot;,&quot;tablet&quot;,&quot;mobile&quot;],&quot;custom_query&quot;:false,&quot;custom_query_id&quot;:&quot;&quot;,&quot;_element_id&quot;:&quot;&quot;,&quot;collapse_first_last_gap&quot;:false,&quot;list_tag_selection&quot;:&quot;&quot;,&quot;list_items_wrapper_tag&quot;:&quot;div&quot;,&quot;list_item_tag&quot;:&quot;div&quot;,&quot;empty_items_wrapper_tag&quot;:&quot;div&quot;}}\" data-page=\"1\" data-pages=\"1\" data-listing-source=\"posts\" data-listing-id=\"323\" data-query-id=\"\"><div class=\"jet-listing-grid__item jet-listing-dynamic-post-159\" data-post-id=\"159\"  >\t\t<div data-elementor-type=\"jet-listing-items\" data-elementor-id=\"323\" class=\"elementor elementor-323\">\n\t\t\t\t\t\t<div class=\"elementor-inner\">\n\t\t\t\t<div class=\"elementor-section-wrap\">\n\t\t\t\t\t\t\t\t\t<section class=\"elementor-section elementor-top-section elementor-element elementor-element-b1e71b4 elementor-section-boxed elementor-section-height-default elementor-section-height-default\" data-id=\"b1e71b4\" data-element_type=\"section\">\n\t\t\t\t\t\t<div class=\"elementor-container elementor-column-gap-default\">\n\t\t\t\t\t\t\t<div class=\"elementor-row\">\n\t\t\t\t\t<div class=\"elementor-column elementor-col-100 elementor-top-column elementor-element elementor-element-4899d83\" data-id=\"4899d83\" data-element_type=\"column\">\n\t\t\t<div class=\"elementor-column-wrap elementor-element-populated\">\n\t\t\t\t\t\t\t<div class=\"elementor-widget-wrap\">\n\t\t\t\t\t\t<div class=\"elementor-element elementor-element-3b7bfe3 elementor-widget__width-auto elementor-widget elementor-widget-jet-listing-dynamic-meta\" data-id=\"3b7bfe3\" data-element_type=\"widget\" data-widget_type=\"jet-listing-dynamic-meta.default\">\n\t\t\t\t<div class=\"elementor-widget-container\">\n\t\t\t<div class=\"jet-listing jet-listing-dynamic-meta meta-layout-inline\"><div class=\"jet-listing-dynamic-meta__date jet-listing-dynamic-meta__item\"><span class=\"jet-listing-dynamic-meta__item-val\"><time datetime=\"2020-08-29T18:00:40+02:00\">29\/08\/20<\/time><\/span><span class=\"jet-listing-dynamic-meta__suffix\"> <\/span><\/div><\/div>\t\t<\/div>\n\t\t\t\t<\/div>\n\t\t\t\t<div class=\"elementor-element elementor-element-b25f100 elementor-widget__width-auto elementor-widget elementor-widget-jet-listing-dynamic-terms\" data-id=\"b25f100\" data-element_type=\"widget\" data-widget_type=\"jet-listing-dynamic-terms.default\">\n\t\t\t\t<div class=\"elementor-widget-container\">\n\t\t\t<div class=\"jet-listing jet-listing-dynamic-terms\"><span class=\"jet-listing-dynamic-terms__prefix\"> - <\/span><span class=\"jet-listing-dynamic-terms__link\">NOTICIAS<\/span><\/div>\t\t<\/div>\n\t\t\t\t<\/div>\n\t\t\t\t<div class=\"elementor-element elementor-element-f5ca4d1 elementor-widget elementor-widget-image\" data-id=\"f5ca4d1\" data-element_type=\"widget\" data-widget_type=\"image.default\">\n\t\t\t\t<div class=\"elementor-widget-container\">\n\t\t\t\t\t\t\t\t<div class=\"elementor-image\">\n\t\t\t\t\t\t\t\t\t\t\t\t\t<a href=\"https:\/\/domingoyluque.com\/en\/comenzamos-obra-85-viviendas-en-playamar\/\">\n\t\t\t\t\t\t\t<img decoding=\"async\" src=\"https:\/\/domingoyluque.com\/wp-content\/uploads\/elementor\/thumbs\/DIRECCION-85-TORREMOLINOS-750x367-1-ovlqyt5z9j4el29ie807e0tf6bd45ts1o3pcn3xs54.jpg\" title=\"\" alt=\"\" \/>\t\t\t\t\t\t\t\t<\/a>\n\t\t\t\t\t\t\t\t\t\t\t\t\t\t<\/div>\n\t\t\t\t\t\t<\/div>\n\t\t\t\t<\/div>\n\t\t\t\t<div class=\"elementor-element elementor-element-0c33baa elementor-widget elementor-widget-heading\" data-id=\"0c33baa\" data-element_type=\"widget\" data-widget_type=\"heading.default\">\n\t\t\t\t<div class=\"elementor-widget-container\">\n\t\t\t<h3 class=\"elementor-heading-title elementor-size-default\"><a href=\"https:\/\/domingoyluque.com\/en\/comenzamos-obra-85-viviendas-en-playamar\/\">Comenzamos Obra: 85 Viviendas en Playamar<\/a><\/h3>\t\t<\/div>\n\t\t\t\t<\/div>\n\t\t\t\t<div class=\"elementor-element elementor-element-3412843 elementor-widget elementor-widget-theme-post-excerpt\" data-id=\"3412843\" data-element_type=\"widget\" data-widget_type=\"theme-post-excerpt.default\">\n\t\t\t\t<div class=\"elementor-widget-container\">\n\t\t\tNos alegra anunciar el inicio de las obras de 85 viviendas situadas en Playamar, Torremolinos en colaboraci\u00f3n como direcci\u00f3n de obra con nuestros compa\u00f1eros de dA-Ar arquitectura, responsables del dise\u00f1o. Pronto m\u00e1s informaci\u00f3n sobre el estado de la obra.\t\t<\/div>\n\t\t\t\t<\/div>\n\t\t\t\t<div class=\"elementor-element elementor-element-0947892 elementor-widget elementor-widget-button\" data-id=\"0947892\" data-element_type=\"widget\" data-widget_type=\"button.default\">\n\t\t\t\t<div class=\"elementor-widget-container\">\n\t\t\t\t\t<div class=\"elementor-button-wrapper\">\n\t\t\t<a href=\"https:\/\/domingoyluque.com\/en\/comenzamos-obra-85-viviendas-en-playamar\/\" class=\"elementor-button-link elementor-button elementor-size-sm\" role=\"button\">\n\t\t\t\t\t\t<span class=\"elementor-button-content-wrapper\">\n\t\t\t\t\t\t<span class=\"elementor-button-text\">LEER M\u00c1S<\/span>\n\t\t<\/span>\n\t\t\t\t\t<\/a>\n\t\t<\/div>\n\t\t\t\t<\/div>\n\t\t\t\t<\/div>\n\t\t\t\t\t\t<\/div>\n\t\t\t\t\t<\/div>\n\t\t<\/div>\n\t\t\t\t\t\t\t\t<\/div>\n\t\t\t\t\t<\/div>\n\t\t<\/section>\n\t\t\t\t\t\t\t\t\t<\/div>\n\t\t\t<\/div>\n\t\t\t\t\t<\/div>\n\t\t<\/div><div class=\"jet-listing-grid__item jet-listing-dynamic-post-156\" data-post-id=\"156\"  >\t\t<div data-elementor-type=\"jet-listing-items\" data-elementor-id=\"323\" class=\"elementor elementor-323\">\n\t\t\t\t\t\t<div class=\"elementor-inner\">\n\t\t\t\t<div class=\"elementor-section-wrap\">\n\t\t\t\t\t\t\t\t\t<section class=\"elementor-section elementor-top-section elementor-element elementor-element-b1e71b4 elementor-section-boxed elementor-section-height-default elementor-section-height-default\" data-id=\"b1e71b4\" data-element_type=\"section\">\n\t\t\t\t\t\t<div class=\"elementor-container elementor-column-gap-default\">\n\t\t\t\t\t\t\t<div class=\"elementor-row\">\n\t\t\t\t\t<div class=\"elementor-column elementor-col-100 elementor-top-column elementor-element elementor-element-4899d83\" data-id=\"4899d83\" data-element_type=\"column\">\n\t\t\t<div class=\"elementor-column-wrap elementor-element-populated\">\n\t\t\t\t\t\t\t<div class=\"elementor-widget-wrap\">\n\t\t\t\t\t\t<div class=\"elementor-element elementor-element-3b7bfe3 elementor-widget__width-auto elementor-widget elementor-widget-jet-listing-dynamic-meta\" data-id=\"3b7bfe3\" data-element_type=\"widget\" data-widget_type=\"jet-listing-dynamic-meta.default\">\n\t\t\t\t<div class=\"elementor-widget-container\">\n\t\t\t<div class=\"jet-listing jet-listing-dynamic-meta meta-layout-inline\"><div class=\"jet-listing-dynamic-meta__date jet-listing-dynamic-meta__item\"><span class=\"jet-listing-dynamic-meta__item-val\"><time datetime=\"2020-08-28T18:43:49+02:00\">28\/08\/20<\/time><\/span><span class=\"jet-listing-dynamic-meta__suffix\"> <\/span><\/div><\/div>\t\t<\/div>\n\t\t\t\t<\/div>\n\t\t\t\t<div class=\"elementor-element elementor-element-b25f100 elementor-widget__width-auto elementor-widget elementor-widget-jet-listing-dynamic-terms\" data-id=\"b25f100\" data-element_type=\"widget\" data-widget_type=\"jet-listing-dynamic-terms.default\">\n\t\t\t\t<div class=\"elementor-widget-container\">\n\t\t\t<div class=\"jet-listing jet-listing-dynamic-terms\"><span class=\"jet-listing-dynamic-terms__prefix\"> - <\/span><span class=\"jet-listing-dynamic-terms__link\">ARQUITECTURA<\/span><span class=\"jet-listing-dynamic-terms__delimiter\">,<\/span> <span class=\"jet-listing-dynamic-terms__link\">NOTICIAS<\/span><\/div>\t\t<\/div>\n\t\t\t\t<\/div>\n\t\t\t\t<div class=\"elementor-element elementor-element-f5ca4d1 elementor-widget elementor-widget-image\" data-id=\"f5ca4d1\" data-element_type=\"widget\" data-widget_type=\"image.default\">\n\t\t\t\t<div class=\"elementor-widget-container\">\n\t\t\t\t\t\t\t\t<div class=\"elementor-image\">\n\t\t\t\t\t\t\t\t\t\t\t\t\t<a href=\"https:\/\/domingoyluque.com\/en\/vivienda-en-trayamar-velez-malaga\/\">\n\t\t\t\t\t\t\t<img decoding=\"async\" src=\"https:\/\/domingoyluque.com\/wp-content\/uploads\/elementor\/thumbs\/Vista-01-750x422-1-ovlqyt5z9j4el29ie807e0tf6bd45ts1o3pcn3xs54.jpg\" title=\"\" alt=\"\" \/>\t\t\t\t\t\t\t\t<\/a>\n\t\t\t\t\t\t\t\t\t\t\t\t\t\t<\/div>\n\t\t\t\t\t\t<\/div>\n\t\t\t\t<\/div>\n\t\t\t\t<div class=\"elementor-element elementor-element-0c33baa elementor-widget elementor-widget-heading\" data-id=\"0c33baa\" data-element_type=\"widget\" data-widget_type=\"heading.default\">\n\t\t\t\t<div class=\"elementor-widget-container\">\n\t\t\t<h3 class=\"elementor-heading-title elementor-size-default\"><a href=\"https:\/\/domingoyluque.com\/en\/vivienda-en-trayamar-velez-malaga\/\">Vivienda en Trayamar, V\u00e9lez-M\u00e1laga<\/a><\/h3>\t\t<\/div>\n\t\t\t\t<\/div>\n\t\t\t\t<div class=\"elementor-element elementor-element-3412843 elementor-widget elementor-widget-theme-post-excerpt\" data-id=\"3412843\" data-element_type=\"widget\" data-widget_type=\"theme-post-excerpt.default\">\n\t\t\t\t<div class=\"elementor-widget-container\">\n\t\t\tNuevo dise\u00f1o de estilo moderno para una futura vivienda situada en Trayamar. Destacamos el uso del contraste de materiales y utilizaci\u00f3n de distintos planos para dar privacidad a la vivienda con respecto al vecindario.\t\t<\/div>\n\t\t\t\t<\/div>\n\t\t\t\t<div class=\"elementor-element elementor-element-0947892 elementor-widget elementor-widget-button\" data-id=\"0947892\" data-element_type=\"widget\" data-widget_type=\"button.default\">\n\t\t\t\t<div class=\"elementor-widget-container\">\n\t\t\t\t\t<div class=\"elementor-button-wrapper\">\n\t\t\t<a href=\"https:\/\/domingoyluque.com\/en\/vivienda-en-trayamar-velez-malaga\/\" class=\"elementor-button-link elementor-button elementor-size-sm\" role=\"button\">\n\t\t\t\t\t\t<span class=\"elementor-button-content-wrapper\">\n\t\t\t\t\t\t<span class=\"elementor-button-text\">LEER M\u00c1S<\/span>\n\t\t<\/span>\n\t\t\t\t\t<\/a>\n\t\t<\/div>\n\t\t\t\t<\/div>\n\t\t\t\t<\/div>\n\t\t\t\t\t\t<\/div>\n\t\t\t\t\t<\/div>\n\t\t<\/div>\n\t\t\t\t\t\t\t\t<\/div>\n\t\t\t\t\t<\/div>\n\t\t<\/section>\n\t\t\t\t\t\t\t\t\t<\/div>\n\t\t\t<\/div>\n\t\t\t\t\t<\/div>\n\t\t<\/div><div class=\"jet-listing-grid__item jet-listing-dynamic-post-153\" data-post-id=\"153\"  >\t\t<div data-elementor-type=\"jet-listing-items\" data-elementor-id=\"323\" class=\"elementor elementor-323\">\n\t\t\t\t\t\t<div class=\"elementor-inner\">\n\t\t\t\t<div class=\"elementor-section-wrap\">\n\t\t\t\t\t\t\t\t\t<section class=\"elementor-section elementor-top-section elementor-element elementor-element-b1e71b4 elementor-section-boxed elementor-section-height-default elementor-section-height-default\" data-id=\"b1e71b4\" data-element_type=\"section\">\n\t\t\t\t\t\t<div class=\"elementor-container elementor-column-gap-default\">\n\t\t\t\t\t\t\t<div class=\"elementor-row\">\n\t\t\t\t\t<div class=\"elementor-column elementor-col-100 elementor-top-column elementor-element elementor-element-4899d83\" data-id=\"4899d83\" data-element_type=\"column\">\n\t\t\t<div class=\"elementor-column-wrap elementor-element-populated\">\n\t\t\t\t\t\t\t<div class=\"elementor-widget-wrap\">\n\t\t\t\t\t\t<div class=\"elementor-element elementor-element-3b7bfe3 elementor-widget__width-auto elementor-widget elementor-widget-jet-listing-dynamic-meta\" data-id=\"3b7bfe3\" data-element_type=\"widget\" data-widget_type=\"jet-listing-dynamic-meta.default\">\n\t\t\t\t<div class=\"elementor-widget-container\">\n\t\t\t<div class=\"jet-listing jet-listing-dynamic-meta meta-layout-inline\"><div class=\"jet-listing-dynamic-meta__date jet-listing-dynamic-meta__item\"><span class=\"jet-listing-dynamic-meta__item-val\"><time datetime=\"2020-08-28T18:43:03+02:00\">28\/08\/20<\/time><\/span><span class=\"jet-listing-dynamic-meta__suffix\"> <\/span><\/div><\/div>\t\t<\/div>\n\t\t\t\t<\/div>\n\t\t\t\t<div class=\"elementor-element elementor-element-b25f100 elementor-widget__width-auto elementor-widget elementor-widget-jet-listing-dynamic-terms\" data-id=\"b25f100\" data-element_type=\"widget\" data-widget_type=\"jet-listing-dynamic-terms.default\">\n\t\t\t\t<div class=\"elementor-widget-container\">\n\t\t\t<div class=\"jet-listing jet-listing-dynamic-terms\"><span class=\"jet-listing-dynamic-terms__prefix\"> - <\/span><span class=\"jet-listing-dynamic-terms__link\">ESTUDIO<\/span><\/div>\t\t<\/div>\n\t\t\t\t<\/div>\n\t\t\t\t<div class=\"elementor-element elementor-element-f5ca4d1 elementor-widget elementor-widget-image\" data-id=\"f5ca4d1\" data-element_type=\"widget\" data-widget_type=\"image.default\">\n\t\t\t\t<div class=\"elementor-widget-container\">\n\t\t\t\t\t\t\t\t<div class=\"elementor-image\">\n\t\t\t\t\t\t\t\t\t\t\t\t\t<a href=\"https:\/\/domingoyluque.com\/en\/reforma-de-loft-en-el-centro-de-malaga\/\">\n\t\t\t\t\t\t\t<img decoding=\"async\" src=\"https:\/\/domingoyluque.com\/wp-content\/uploads\/elementor\/thumbs\/01-ovlqyt5z9j4el29ie807e0tf6bd45ts1o3pcn3xs54.jpg\" title=\"\" alt=\"\" \/>\t\t\t\t\t\t\t\t<\/a>\n\t\t\t\t\t\t\t\t\t\t\t\t\t\t<\/div>\n\t\t\t\t\t\t<\/div>\n\t\t\t\t<\/div>\n\t\t\t\t<div class=\"elementor-element elementor-element-0c33baa elementor-widget elementor-widget-heading\" data-id=\"0c33baa\" data-element_type=\"widget\" data-widget_type=\"heading.default\">\n\t\t\t\t<div class=\"elementor-widget-container\">\n\t\t\t<h3 class=\"elementor-heading-title elementor-size-default\"><a href=\"https:\/\/domingoyluque.com\/en\/reforma-de-loft-en-el-centro-de-malaga\/\">Reforma de Loft en el centro de M\u00e1laga<\/a><\/h3>\t\t<\/div>\n\t\t\t\t<\/div>\n\t\t\t\t<div class=\"elementor-element elementor-element-3412843 elementor-widget elementor-widget-theme-post-excerpt\" data-id=\"3412843\" data-element_type=\"widget\" data-widget_type=\"theme-post-excerpt.default\">\n\t\t\t\t<div class=\"elementor-widget-container\">\n\t\t\tNos alegra compartir esta publicaci\u00f3n de Houzz sobre nuestro proyecto de reforma de loft en el centro hist\u00f3rico de M\u00e1laga! Muchas gracias a todo el equipo.\t\t<\/div>\n\t\t\t\t<\/div>\n\t\t\t\t<div class=\"elementor-element elementor-element-0947892 elementor-widget elementor-widget-button\" data-id=\"0947892\" data-element_type=\"widget\" data-widget_type=\"button.default\">\n\t\t\t\t<div class=\"elementor-widget-container\">\n\t\t\t\t\t<div class=\"elementor-button-wrapper\">\n\t\t\t<a href=\"https:\/\/domingoyluque.com\/en\/reforma-de-loft-en-el-centro-de-malaga\/\" class=\"elementor-button-link elementor-button elementor-size-sm\" role=\"button\">\n\t\t\t\t\t\t<span class=\"elementor-button-content-wrapper\">\n\t\t\t\t\t\t<span class=\"elementor-button-text\">LEER M\u00c1S<\/span>\n\t\t<\/span>\n\t\t\t\t\t<\/a>\n\t\t<\/div>\n\t\t\t\t<\/div>\n\t\t\t\t<\/div>\n\t\t\t\t\t\t<\/div>\n\t\t\t\t\t<\/div>\n\t\t<\/div>\n\t\t\t\t\t\t\t\t<\/div>\n\t\t\t\t\t<\/div>\n\t\t<\/section>\n\t\t\t\t\t\t\t\t\t<\/div>\n\t\t\t<\/div>\n\t\t\t\t\t<\/div>\n\t\t<\/div><div class=\"jet-listing-grid__item jet-listing-dynamic-post-145\" data-post-id=\"145\"  >\t\t<div data-elementor-type=\"jet-listing-items\" data-elementor-id=\"323\" class=\"elementor elementor-323\">\n\t\t\t\t\t\t<div class=\"elementor-inner\">\n\t\t\t\t<div class=\"elementor-section-wrap\">\n\t\t\t\t\t\t\t\t\t<section class=\"elementor-section elementor-top-section elementor-element elementor-element-b1e71b4 elementor-section-boxed elementor-section-height-default elementor-section-height-default\" data-id=\"b1e71b4\" data-element_type=\"section\">\n\t\t\t\t\t\t<div class=\"elementor-container elementor-column-gap-default\">\n\t\t\t\t\t\t\t<div class=\"elementor-row\">\n\t\t\t\t\t<div class=\"elementor-column elementor-col-100 elementor-top-column elementor-element elementor-element-4899d83\" data-id=\"4899d83\" data-element_type=\"column\">\n\t\t\t<div class=\"elementor-column-wrap elementor-element-populated\">\n\t\t\t\t\t\t\t<div class=\"elementor-widget-wrap\">\n\t\t\t\t\t\t<div class=\"elementor-element elementor-element-3b7bfe3 elementor-widget__width-auto elementor-widget elementor-widget-jet-listing-dynamic-meta\" data-id=\"3b7bfe3\" data-element_type=\"widget\" data-widget_type=\"jet-listing-dynamic-meta.default\">\n\t\t\t\t<div class=\"elementor-widget-container\">\n\t\t\t<div class=\"jet-listing jet-listing-dynamic-meta meta-layout-inline\"><div class=\"jet-listing-dynamic-meta__date jet-listing-dynamic-meta__item\"><span class=\"jet-listing-dynamic-meta__item-val\"><time datetime=\"2020-08-27T18:35:00+02:00\">27\/08\/20<\/time><\/span><span class=\"jet-listing-dynamic-meta__suffix\"> <\/span><\/div><\/div>\t\t<\/div>\n\t\t\t\t<\/div>\n\t\t\t\t<div class=\"elementor-element elementor-element-b25f100 elementor-widget__width-auto elementor-widget elementor-widget-jet-listing-dynamic-terms\" data-id=\"b25f100\" data-element_type=\"widget\" data-widget_type=\"jet-listing-dynamic-terms.default\">\n\t\t\t\t<div class=\"elementor-widget-container\">\n\t\t\t<div class=\"jet-listing jet-listing-dynamic-terms\"><span class=\"jet-listing-dynamic-terms__prefix\"> - <\/span><span class=\"jet-listing-dynamic-terms__link\">NOTICIAS<\/span><\/div>\t\t<\/div>\n\t\t\t\t<\/div>\n\t\t\t\t<div class=\"elementor-element elementor-element-f5ca4d1 elementor-widget elementor-widget-image\" data-id=\"f5ca4d1\" data-element_type=\"widget\" data-widget_type=\"image.default\">\n\t\t\t\t<div class=\"elementor-widget-container\">\n\t\t\t\t\t\t\t\t<div class=\"elementor-image\">\n\t\t\t\t\t\t\t\t\t\t\t\t\t<a href=\"https:\/\/domingoyluque.com\/en\/112-viviendas-en-caleta-de-velez\/\">\n\t\t\t\t\t\t\t<img decoding=\"async\" src=\"https:\/\/domingoyluque.com\/wp-content\/uploads\/elementor\/thumbs\/Avintia-Caleta-750x304-1-ovlqyt5z9j4el29ie807e0tf6bd45ts1o3pcn3xs54.jpg\" title=\"\" alt=\"\" \/>\t\t\t\t\t\t\t\t<\/a>\n\t\t\t\t\t\t\t\t\t\t\t\t\t\t<\/div>\n\t\t\t\t\t\t<\/div>\n\t\t\t\t<\/div>\n\t\t\t\t<div class=\"elementor-element elementor-element-0c33baa elementor-widget elementor-widget-heading\" data-id=\"0c33baa\" data-element_type=\"widget\" data-widget_type=\"heading.default\">\n\t\t\t\t<div class=\"elementor-widget-container\">\n\t\t\t<h3 class=\"elementor-heading-title elementor-size-default\"><a href=\"https:\/\/domingoyluque.com\/en\/112-viviendas-en-caleta-de-velez\/\">112 viviendas en Caleta de V\u00e9lez<\/a><\/h3>\t\t<\/div>\n\t\t\t\t<\/div>\n\t\t\t\t<div class=\"elementor-element elementor-element-3412843 elementor-widget elementor-widget-theme-post-excerpt\" data-id=\"3412843\" data-element_type=\"widget\" data-widget_type=\"theme-post-excerpt.default\">\n\t\t\t\t<div class=\"elementor-widget-container\">\n\t\t\tEstamos colaborando como Direcci\u00f3n de Obra en la construcci\u00f3n de esta nueva promoci\u00f3n de viviendas en Caleta de V\u00e9lez. Proyectadas por DaAr Arquitectura, cuyo arquitecto es nuestro compa\u00f1ero David Gonz\u00e1lez Garc\u00eda.\t\t<\/div>\n\t\t\t\t<\/div>\n\t\t\t\t<div class=\"elementor-element elementor-element-0947892 elementor-widget elementor-widget-button\" data-id=\"0947892\" data-element_type=\"widget\" data-widget_type=\"button.default\">\n\t\t\t\t<div class=\"elementor-widget-container\">\n\t\t\t\t\t<div class=\"elementor-button-wrapper\">\n\t\t\t<a href=\"https:\/\/domingoyluque.com\/en\/112-viviendas-en-caleta-de-velez\/\" class=\"elementor-button-link elementor-button elementor-size-sm\" role=\"button\">\n\t\t\t\t\t\t<span class=\"elementor-button-content-wrapper\">\n\t\t\t\t\t\t<span class=\"elementor-button-text\">LEER M\u00c1S<\/span>\n\t\t<\/span>\n\t\t\t\t\t<\/a>\n\t\t<\/div>\n\t\t\t\t<\/div>\n\t\t\t\t<\/div>\n\t\t\t\t\t\t<\/div>\n\t\t\t\t\t<\/div>\n\t\t<\/div>\n\t\t\t\t\t\t\t\t<\/div>\n\t\t\t\t\t<\/div>\n\t\t<\/section>\n\t\t\t\t\t\t\t\t\t<\/div>\n\t\t\t<\/div>\n\t\t\t\t\t<\/div>\n\t\t<\/div><\/div><\/div>\t\t<\/div>\n\t\t\t\t<\/div>\n\t\t\t\t\t\t<\/div>\n\t\t\t\t\t<\/div>\n\t\t<\/div>\n\t\t\t\t\t\t\t\t<\/div>\n\t\t\t\t\t<\/div>\n\t\t<\/section>\n\t\t\t\t\t\t\t\t\t<\/div>\n\t\t\t<\/div>\n\t\t\t\t\t<\/div>\n\t\t","protected":false},"excerpt":{"rendered":"<p>\u00daltimas noticias sobre nuestros proyectos y nuestro d\u00eda a d\u00eda. 29\/08\/20 &#8211; NOTICIAS LEER M\u00c1S 28\/08\/20 &#8211; ARQUITECTURA, NOTICIAS LEER M\u00c1S 28\/08\/20 &#8211; ESTUDIO LEER M\u00c1S 27\/08\/20 &#8211; NOTICIAS LEER M\u00c1S<\/p>","protected":false},"author":1,"featured_media":0,"parent":0,"menu_order":0,"comment_status":"closed","ping_status":"closed","template":"","meta":{"footnotes":""},"class_list":["post-14","page","type-page","status-publish","hentry"],"_links":{"self":[{"href":"https:\/\/domingoyluque.com\/en\/wp-json\/wp\/v2\/pages\/14","targetHints":{"allow":["GET"]}}],"collection":[{"href":"https:\/\/domingoyluque.com\/en\/wp-json\/wp\/v2\/pages"}],"about":[{"href":"https:\/\/domingoyluque.com\/en\/wp-json\/wp\/v2\/types\/page"}],"author":[{"embeddable":true,"href":"https:\/\/domingoyluque.com\/en\/wp-json\/wp\/v2\/users\/1"}],"replies":[{"embeddable":true,"href":"https:\/\/domingoyluque.com\/en\/wp-json\/wp\/v2\/comments?post=14"}],"version-history":[{"count":17,"href":"https:\/\/domingoyluque.com\/en\/wp-json\/wp\/v2\/pages\/14\/revisions"}],"predecessor-version":[{"id":652,"href":"https:\/\/domingoyluque.com\/en\/wp-json\/wp\/v2\/pages\/14\/revisions\/652"}],"wp:attachment":[{"href":"https:\/\/domingoyluque.com\/en\/wp-json\/wp\/v2\/media?parent=14"}],"curies":[{"name":"wp","href":"https:\/\/api.w.org\/{rel}","templated":true}]}}